{"id":966,"date":"2019-10-15T19:30:41","date_gmt":"2019-10-15T22:30:41","guid":{"rendered":"https:\/\/isef-sjn.infd.edu.ar\/sitio\/?page_id=966"},"modified":"2024-07-25T11:02:01","modified_gmt":"2024-07-25T14:02:01","slug":"ingreso-2010","status":"publish","type":"page","link":"https:\/\/isef-sjn.infd.edu.ar\/sitio\/ingreso-2010\/","title":{"rendered":"Ingreso 2025"},"content":{"rendered":"<p>Utilizando el despliegue (v) podr\u00e1s ver todo el contenido de la p\u00e1gina y ah\u00ed encontrar\u00e1s todas las respuestas a tus dudas e inquietudes.<\/p>\n","protected":false},"excerpt":{"rendered":"<p>Utilizando el despliegue (v) podr\u00e1s ver todo el contenido de la p\u00e1gina y ah\u00ed encontrar\u00e1s todas las respuestas a tus dudas e inquietudes.<\/p>\n","protected":false},"author":65,"featured_media":0,"parent":0,"menu_order":0,"comment_status":"closed","ping_status":"closed","template":"","meta":[],"acf":[],"_links":{"self":[{"href":"https:\/\/isef-sjn.infd.edu.ar\/sitio\/wp-json\/wp\/v2\/pages\/966"}],"collection":[{"href":"https:\/\/isef-sjn.infd.edu.ar\/sitio\/wp-json\/wp\/v2\/pages"}],"about":[{"href":"https:\/\/isef-sjn.infd.edu.ar\/sitio\/wp-json\/wp\/v2\/types\/page"}],"author":[{"embeddable":true,"href":"https:\/\/isef-sjn.infd.edu.ar\/sitio\/wp-json\/wp\/v2\/users\/65"}],"replies":[{"embeddable":true,"href":"https:\/\/isef-sjn.infd.edu.ar\/sitio\/wp-json\/wp\/v2\/comments?post=966"}],"version-history":[{"count":17,"href":"https:\/\/isef-sjn.infd.edu.ar\/sitio\/wp-json\/wp\/v2\/pages\/966\/revisions"}],"predecessor-version":[{"id":2525,"href":"https:\/\/isef-sjn.infd.edu.ar\/sitio\/wp-json\/wp\/v2\/pages\/966\/revisions\/2525"}],"wp:attachment":[{"href":"https:\/\/isef-sjn.infd.edu.ar\/sitio\/wp-json\/wp\/v2\/media?parent=966"}],"curies":[{"name":"wp","href":"https:\/\/api.w.org\/{rel}","templated":true}]}}