{"id":286,"date":"2016-10-31T13:17:59","date_gmt":"2016-10-31T16:17:59","guid":{"rendered":"https:\/\/isef-sjn.infd.edu.ar\/sitio\/?page_id=286"},"modified":"2021-09-08T12:24:07","modified_gmt":"2021-09-08T15:24:07","slug":"inicio","status":"publish","type":"page","link":"https:\/\/isef-sjn.infd.edu.ar\/sitio\/","title":{"rendered":"Historia institucional"},"content":{"rendered":"<h1 style=\"text-align: center;\"><span style=\"color: #003300;\"><u>HISTORIA INSTITUCIONAL<\/u><\/span><\/h1>\n<h1><span style=\"color: #003300;\">NOTAS DE IDENTIDAD QUE TIENEN QUE VER CON SU CULTURA Y CONTEXTO EN EL QUE SE UBICA<\/span><\/h1>\n<table>\n<tbody>\n<tr>\n<td align=\"justify\"><span style=\"color: #003300;\">El Instituto Superior de Educaci\u00f3n F\u00edsica de San Juan, tiene su origen en 1978, cuando por iniciativa del por entonces Inspector jefe de Secci\u00f3n acreditado en la Inspecci\u00f3n regional 3\u00aa de \u00abCuyo\u00bb Profesor Julio Nilo Carosio y del Supervisor acreditado en la Inspecci\u00f3n Zonal San Juan Profesor Herman Delfor Poblete Varas, se crea el Anexo San Juan del Instituto Nacional de Educaci\u00f3n F\u00edsica Dr. Jorge Eduardo Coll de la Provincia de Mendoza, llenando un vac\u00edo muy grande por la alta demanda de profesionales del \u00e1rea, cuya \u00fanica alternativa de formaci\u00f3n estaba fuera de la Provincia.<\/span><\/p>\n<p><span style=\"color: #003300;\">Comienza a funcionar en abril de 1978, cumpliment\u00e1ndose toda la requisitoria de ingreso, y manejo administrativo posterior, desde la vecina provincia hasta 1982 inclusive.<\/span><\/p>\n<p><span style=\"color: #003300;\">Por gestiones realizadas por el Sr. Gobernador de la Provincia Dr. Leopoldo Bravo, seg\u00fan Expediente N\u00ba 31.557\/82 (Registro Ministerio de Educaci\u00f3n de la Naci\u00f3n) ante el Sr. Ministro de Educaci\u00f3n de la Naci\u00f3n Dr. Cayetano Liciardo, se autoriza la independencia del Anexo San Juan del\u00a0 Instituto Nacional de Educaci\u00f3n F\u00edsica Dr. Jorge Eduardo Coll, cre\u00e1ndose el Instituto Nacional de Educaci\u00f3n F\u00edsica de San Juan por Resoluci\u00f3n Ministerial N\u00ba 1749 M.E.yJ. del 18 de Noviembre de 1982.<\/span><\/p>\n<p><span style=\"color: #003300;\">El I.N.E.F. SAN JUAN fue transferido a la Jurisdicci\u00f3n Provincial, \u00a0a partir del 1\u00ba de enero de 1993, pasando a denominarse INSTITUTO SUPERIOR DE EDUCACI\u00d3N F\u00cdSICA DE SAN JUAN, bajo la dependencia de la Direcci\u00f3n de Educaci\u00f3n Superior.<\/span><\/p>\n<p><span style=\"color: #003300;\"><u>ASIENTO INICIAL Y LOCALIZACI\u00d3N ACTUAL <\/u><\/span><\/p>\n<p><span style=\"color: #003300;\">Tuvo como una privilegiada localizaci\u00f3n inicial, el Estadio Cubierto del Parque de Mayo, hoy Estadio Dr. Aldo Cantoni, por convenio entre el Superior Gobierno de la Provincia y la Direcci\u00f3n Nacional de Educaci\u00f3n F\u00edsica, Deportes y Recreaci\u00f3n, lugar donde creci\u00f3 la instituci\u00f3n ocupando todos los espacios que se iban generando, por la apertura anual de divisiones y desdoblamiento de las mismas. El a\u00f1o 1989, cuando ya el I.N.E.F. contaba con 11 a\u00f1os de vida, tuvo que definir su futuro y construir su propia identidad institucional a partir de ciertas imposiciones que tornaron imposible la continuidad de funcionamiento en las mencionadas instalaciones. Por aquel entonces y por la decisi\u00f3n del Rector Profesor Hugo Alberto Teja, se traslada el asiento del Instituto, al Centro Nacional de Educaci\u00f3n F\u00edsica N\u00b0 20 en el Departamento de Santa Luc\u00eda, donde le hab\u00eda sido asignada una parcela de 3 has., en oportunidad de la creaci\u00f3n del mencionado Centro en 1982. Fue el empuje de la comunidad educativa toda, la que permiti\u00f3 el r\u00e1pido reciclaje de construcciones existentes y la edificaci\u00f3n lenta pero ininterrumpida de lo que es hoy el\u00a0 Instituto Superior de Educaci\u00f3n F\u00edsica de San Juan.<\/span><code><\/code><\/td>\n<\/tr>\n<\/tbody>\n<\/table>\n<div id=\"metaslider-id-403\" style=\"max-width: 1100px;\" class=\"ml-slider-3-33-0 metaslider metaslider-coin metaslider-403 ml-slider ms-theme-default\" role=\"region\" aria-roledescription=\"Slideshow\" aria-label=\"Slideshow\">\n    <div id=\"metaslider_container_403\">\n        <div id='metaslider_403' class='coin-slider'>\n<a href=\"https:\/\/mapa.infd.edu.ar\/\" target=\"_blank\"><img src=\"https:\/\/isef-sjn.infd.edu.ar\/sitio\/wp-content\/uploads\/2018\/06\/mapa_infd6-1100x200.png\" height=\"200\" width=\"1100\" alt=\"\" class=\"slider-403 slide-607\" title=\"mapa_infd6\" style=\"display: none;\" \/><\/a>\n<a href=\"https:\/\/www.argentina.gob.ar\/educacion\/becas\" target=\"_blank\"><img src=\"https:\/\/isef-sjn.infd.edu.ar\/sitio\/wp-content\/uploads\/2018\/06\/becas7-1100x200.png\" height=\"200\" width=\"1100\" alt=\"\" class=\"slider-403 slide-609\" title=\"becas7\" style=\"display: none;\" \/><\/a>\n<a href=\"https:\/\/www.argentina.gob.ar\/tema\/estudiar\/formacion-docencia\" target=\"_blank\"><img src=\"https:\/\/isef-sjn.infd.edu.ar\/sitio\/wp-content\/uploads\/2018\/06\/convocatorias_slide6-1-1100x200.png\" height=\"200\" width=\"1100\" alt=\"\" class=\"slider-403 slide-635\" title=\"convocatorias_slide6-1\" style=\"display: none;\" \/><\/a>\n<a href=\"javascript:void(0)\" target=\"_self\"><img src=\"https:\/\/isef-sjn.infd.edu.ar\/sitio\/wp-content\/uploads\/2018\/07\/PERFIL-ISEF-300x54.png\" height=\"200\" width=\"1100\" alt=\"\" class=\"slider-403 slide-743\" title=\"PERFIL ISEF\" style=\"display: none;\" \/><\/a>\n        <\/div>\n        \n    <\/div>\n<\/div>\n<p>NUEVA SECCION 10 AGO<\/p>\n","protected":false},"excerpt":{"rendered":"<p>HISTORIA INSTITUCIONAL NOTAS DE IDENTIDAD QUE TIENEN QUE VER CON SU CULTURA Y CONTEXTO EN EL QUE SE UBICA El Instituto Superior de Educaci\u00f3n F\u00edsica de San Juan, tiene su origen en 1978, cuando por iniciativa del por entonces Inspector jefe de Secci\u00f3n acreditado en la Inspecci\u00f3n regional 3\u00aa de \u00abCuyo\u00bb Profesor Julio Nilo Carosio &#8230; <a title=\"Historia institucional\" class=\"read-more\" href=\"https:\/\/isef-sjn.infd.edu.ar\/sitio\/\" aria-label=\"More on Historia institucional\">[+]<\/a><\/p>\n","protected":false},"author":1,"featured_media":0,"parent":0,"menu_order":0,"comment_status":"closed","ping_status":"closed","template":"","meta":[],"acf":[],"_links":{"self":[{"href":"https:\/\/isef-sjn.infd.edu.ar\/sitio\/wp-json\/wp\/v2\/pages\/286"}],"collection":[{"href":"https:\/\/isef-sjn.infd.edu.ar\/sitio\/wp-json\/wp\/v2\/pages"}],"about":[{"href":"https:\/\/isef-sjn.infd.edu.ar\/sitio\/wp-json\/wp\/v2\/types\/page"}],"author":[{"embeddable":true,"href":"https:\/\/isef-sjn.infd.edu.ar\/sitio\/wp-json\/wp\/v2\/users\/1"}],"replies":[{"embeddable":true,"href":"https:\/\/isef-sjn.infd.edu.ar\/sitio\/wp-json\/wp\/v2\/comments?post=286"}],"version-history":[{"count":85,"href":"https:\/\/isef-sjn.infd.edu.ar\/sitio\/wp-json\/wp\/v2\/pages\/286\/revisions"}],"predecessor-version":[{"id":2075,"href":"https:\/\/isef-sjn.infd.edu.ar\/sitio\/wp-json\/wp\/v2\/pages\/286\/revisions\/2075"}],"wp:attachment":[{"href":"https:\/\/isef-sjn.infd.edu.ar\/sitio\/wp-json\/wp\/v2\/media?parent=286"}],"curies":[{"name":"wp","href":"https:\/\/api.w.org\/{rel}","templated":true}]}}