{"id":2475,"date":"2022-04-05T22:09:10","date_gmt":"2022-04-06T01:09:10","guid":{"rendered":"https:\/\/isef-sjn.infd.edu.ar\/sitio\/?page_id=2475"},"modified":"2022-04-05T22:13:49","modified_gmt":"2022-04-06T01:13:49","slug":"enlace-para-matriculacion","status":"publish","type":"page","link":"https:\/\/isef-sjn.infd.edu.ar\/sitio\/enlace-para-matriculacion\/","title":{"rendered":"Enlace para matriculaci\u00f3n"},"content":{"rendered":"\n<p><a href=\"https:\/\/docs.google.com\/forms\/d\/e\/1FAIpQLSe6i07dpRzmDy7aDR6vL7pChM2NpY6EC7tFJdfl7XmFWPya8A\/viewform\">https:\/\/docs.google.com\/forms\/d\/e\/1FAIpQLSe6i07dpRzmDy7aDR6vL7pChM2NpY6EC7tFJdfl7XmFWPya8A\/viewform<\/a><\/p>\n\n\n\n<p>El formulario celeste de arriba, corresponde al plan nuevo y se habilit\u00f3 para los alumnos que tienen menos de 10 materias acreditadas de 1\u00b0 a\u00f1o y sobre los que se dispuso que pasen al plan nuevo para la continuidad de sus estudios.<br>Por ello se reabren los enlaces para que se\u00f1alen la materias que cursar\u00e1n y\/o recursar\u00e1n en su nueva condici\u00f3n de alumnos pertenecientes al nuevo dise\u00f1o.<br>Tambi\u00e9n se reabre para la matriculaci\u00f3n de los alumnos que han sido notificados hoy que ingresaron a 1\u00b0 a\u00f1o de la cohorte 2022.<br>Los alumnos que ya lo llenaron oportunamente cuando se abrieron las matriculaciones, no tienen que volver a hacerlo.<br>Permanecer\u00e1 abierto hasta ma\u00f1ana a las 12:00 hs para proceder a hacer los listados en Bedelia.<br>Seguiremos trabajando para definir la modalidades de cursado que se comentaron en la reuni\u00f3n de la ma\u00f1ana de hoy.<br>Gracias.<\/p>\n","protected":false},"excerpt":{"rendered":"<p>https:\/\/docs.google.com\/forms\/d\/e\/1FAIpQLSe6i07dpRzmDy7aDR6vL7pChM2NpY6EC7tFJdfl7XmFWPya8A\/viewform El formulario celeste de arriba, corresponde al plan nuevo y se habilit\u00f3 para los alumnos que tienen menos de 10 materias acreditadas de 1\u00b0 a\u00f1o y sobre los que se dispuso que pasen al plan nuevo para la continuidad de sus estudios.Por ello se reabren los enlaces para que se\u00f1alen la materias que cursar\u00e1n &#8230; <a title=\"Enlace para matriculaci\u00f3n\" class=\"read-more\" href=\"https:\/\/isef-sjn.infd.edu.ar\/sitio\/enlace-para-matriculacion\/\" aria-label=\"More on Enlace para matriculaci\u00f3n\">[+]<\/a><\/p>\n","protected":false},"author":65,"featured_media":0,"parent":0,"menu_order":0,"comment_status":"closed","ping_status":"closed","template":"","meta":[],"acf":[],"_links":{"self":[{"href":"https:\/\/isef-sjn.infd.edu.ar\/sitio\/wp-json\/wp\/v2\/pages\/2475"}],"collection":[{"href":"https:\/\/isef-sjn.infd.edu.ar\/sitio\/wp-json\/wp\/v2\/pages"}],"about":[{"href":"https:\/\/isef-sjn.infd.edu.ar\/sitio\/wp-json\/wp\/v2\/types\/page"}],"author":[{"embeddable":true,"href":"https:\/\/isef-sjn.infd.edu.ar\/sitio\/wp-json\/wp\/v2\/users\/65"}],"replies":[{"embeddable":true,"href":"https:\/\/isef-sjn.infd.edu.ar\/sitio\/wp-json\/wp\/v2\/comments?post=2475"}],"version-history":[{"count":2,"href":"https:\/\/isef-sjn.infd.edu.ar\/sitio\/wp-json\/wp\/v2\/pages\/2475\/revisions"}],"predecessor-version":[{"id":2480,"href":"https:\/\/isef-sjn.infd.edu.ar\/sitio\/wp-json\/wp\/v2\/pages\/2475\/revisions\/2480"}],"wp:attachment":[{"href":"https:\/\/isef-sjn.infd.edu.ar\/sitio\/wp-json\/wp\/v2\/media?parent=2475"}],"curies":[{"name":"wp","href":"https:\/\/api.w.org\/{rel}","templated":true}]}}