{"id":2331,"date":"2021-11-30T12:12:54","date_gmt":"2021-11-30T15:12:54","guid":{"rendered":"https:\/\/isef-sjn.infd.edu.ar\/sitio\/?page_id=2331"},"modified":"2024-09-30T08:48:24","modified_gmt":"2024-09-30T11:48:24","slug":"cronograma-general-de-ingreso","status":"publish","type":"page","link":"https:\/\/isef-sjn.infd.edu.ar\/sitio\/cronograma-general-de-ingreso\/","title":{"rendered":"Cronograma general de Ingreso"},"content":{"rendered":"\n<p><\/p>\n\n\n\n<p><strong><u><em>INSTITUTO SUPERIOR DE EDUCACI\u00d3N F\u00cdSICA<\/em><\/u><\/strong><\/p>\n\n\n\n<p>El Instituto Superior de Educaci\u00f3n F\u00edsica de San Juan es una instituci\u00f3n p\u00fablica de gesti\u00f3n estatal que ofrece la carrera del Profesorado de Educaci\u00f3n F\u00edsica de forma gratuita.<\/p>\n\n\n\n<p>La carrera tiene una duraci\u00f3n de 4 a\u00f1os y se puede cursar en el turno ma\u00f1ana o en el turno tarde.<\/p>\n\n\n\n<p><strong><em>\u00bfCu\u00e1ndo son las Inscripciones?<\/em><\/strong><\/p>\n\n\n\n<ul>\n<li><strong>Pre-inscripciones para Ingreso 2025<\/strong>: del <strong>02\/12\/24 al 13\/12\/24.<\/strong><\/li>\n\n\n\n<li><strong>Horario<\/strong>: de <strong>9.30 a 12.30 hs y de 13.30 a 16.30hs.<\/strong><\/li>\n\n\n\n<li><strong>Direcci\u00f3n<\/strong>: Roque S\u00e1enz Pe\u00f1a 2952 -este- Santa Luc\u00eda. Las l\u00edneas de transporte p\u00fablico que llegan hasta el I.S.E.F son: el <strong>300 <\/strong>(hasta la puerta) y el <strong>303<\/strong> (a Roque S\u00e1enz Pe\u00f1a y Col\u00f3n, aproximadamente a 300 mts del I.S.E.F).<\/li>\n\n\n\n<li><strong>Presentarse con el D.N.I<\/strong><\/li>\n\n\n\n<li><strong>Inscripciones para Ingreso 2025<\/strong>: La inscripci\u00f3n definitiva se realizar\u00e1 a mediados de febrero de 2025, donde se deber\u00e1 presentar la documentaci\u00f3n solicitada al momento de la pre-inscripci\u00f3n.<\/li>\n<\/ul>\n\n\n\n<p><em><strong>\u00bfCu\u00e1ndo se realiza el cursillo?<\/strong><\/em><\/p>\n\n\n\n<p>Durante el mes de marzo se realizar\u00e1 el cursillo de ingreso con d\u00edas y horarios a definir.<\/p>\n\n\n\n<p>Es importante tener en cuenta que el cupo es limitado y el turno se elige por estricto orden de m\u00e9rito.<\/p>\n\n\n\n<p><strong>Ex\u00e1menes de ingreso<\/strong>: hacia finales de marzo se realizan los ex\u00e1menes de ingreso, evaluando aspectos te\u00f3ricos y pr\u00e1cticos que se informan en la pre-inscripci\u00f3n y en el cursillo.<\/p>\n","protected":false},"excerpt":{"rendered":"<p>INSTITUTO SUPERIOR DE EDUCACI\u00d3N F\u00cdSICA El Instituto Superior de Educaci\u00f3n F\u00edsica de San Juan es una instituci\u00f3n p\u00fablica de gesti\u00f3n estatal que ofrece la carrera del Profesorado de Educaci\u00f3n F\u00edsica de forma gratuita. La carrera tiene una duraci\u00f3n de 4 a\u00f1os y se puede cursar en el turno ma\u00f1ana o en el turno tarde. \u00bfCu\u00e1ndo &#8230; <a title=\"Cronograma general de Ingreso\" class=\"read-more\" href=\"https:\/\/isef-sjn.infd.edu.ar\/sitio\/cronograma-general-de-ingreso\/\" aria-label=\"More on Cronograma general de Ingreso\">[+]<\/a><\/p>\n","protected":false},"author":65,"featured_media":0,"parent":0,"menu_order":0,"comment_status":"closed","ping_status":"closed","template":"","meta":[],"acf":[],"_links":{"self":[{"href":"https:\/\/isef-sjn.infd.edu.ar\/sitio\/wp-json\/wp\/v2\/pages\/2331"}],"collection":[{"href":"https:\/\/isef-sjn.infd.edu.ar\/sitio\/wp-json\/wp\/v2\/pages"}],"about":[{"href":"https:\/\/isef-sjn.infd.edu.ar\/sitio\/wp-json\/wp\/v2\/types\/page"}],"author":[{"embeddable":true,"href":"https:\/\/isef-sjn.infd.edu.ar\/sitio\/wp-json\/wp\/v2\/users\/65"}],"replies":[{"embeddable":true,"href":"https:\/\/isef-sjn.infd.edu.ar\/sitio\/wp-json\/wp\/v2\/comments?post=2331"}],"version-history":[{"count":5,"href":"https:\/\/isef-sjn.infd.edu.ar\/sitio\/wp-json\/wp\/v2\/pages\/2331\/revisions"}],"predecessor-version":[{"id":2540,"href":"https:\/\/isef-sjn.infd.edu.ar\/sitio\/wp-json\/wp\/v2\/pages\/2331\/revisions\/2540"}],"wp:attachment":[{"href":"https:\/\/isef-sjn.infd.edu.ar\/sitio\/wp-json\/wp\/v2\/media?parent=2331"}],"curies":[{"name":"wp","href":"https:\/\/api.w.org\/{rel}","templated":true}]}}