{"id":2256,"date":"2021-11-08T10:19:02","date_gmt":"2021-11-08T13:19:02","guid":{"rendered":"https:\/\/isef-sjn.infd.edu.ar\/sitio\/?page_id=2256"},"modified":"2021-11-10T11:08:21","modified_gmt":"2021-11-10T14:08:21","slug":"centro-de-documentacion-historica","status":"publish","type":"page","link":"https:\/\/isef-sjn.infd.edu.ar\/sitio\/centro-de-documentacion-historica\/","title":{"rendered":"Centro de documentaci\u00f3n hist\u00f3rica"},"content":{"rendered":"\n<p>Este centro, por ahora solo para archivos digitales, tiene la misi\u00f3n de conservar y poner en valor todo aquello que tenga que ver con el Instituto Superior de Educaci\u00f3n F\u00edsica de San Juan, respecto de su historia como as\u00ed tambi\u00e9n de la educaci\u00f3n f\u00edsica en general a manera de reservorio de material informativo, acopiando todo aquello que sea de inter\u00e9s para quienes asuman el desafio de comprender e interpretar el pasado de la disciplina, a sus actores y al entorno en que se desarrollaron las acciones.<\/p>\n\n\n\n<p><\/p>\n","protected":false},"excerpt":{"rendered":"<p>Este centro, por ahora solo para archivos digitales, tiene la misi\u00f3n de conservar y poner en valor todo aquello que tenga que ver con el Instituto Superior de Educaci\u00f3n F\u00edsica de San Juan, respecto de su historia como as\u00ed tambi\u00e9n de la educaci\u00f3n f\u00edsica en general a manera de reservorio de material informativo, acopiando todo &#8230; <a title=\"Centro de documentaci\u00f3n hist\u00f3rica\" class=\"read-more\" href=\"https:\/\/isef-sjn.infd.edu.ar\/sitio\/centro-de-documentacion-historica\/\" aria-label=\"More on Centro de documentaci\u00f3n hist\u00f3rica\">[+]<\/a><\/p>\n","protected":false},"author":65,"featured_media":0,"parent":0,"menu_order":0,"comment_status":"closed","ping_status":"closed","template":"","meta":[],"acf":[],"_links":{"self":[{"href":"https:\/\/isef-sjn.infd.edu.ar\/sitio\/wp-json\/wp\/v2\/pages\/2256"}],"collection":[{"href":"https:\/\/isef-sjn.infd.edu.ar\/sitio\/wp-json\/wp\/v2\/pages"}],"about":[{"href":"https:\/\/isef-sjn.infd.edu.ar\/sitio\/wp-json\/wp\/v2\/types\/page"}],"author":[{"embeddable":true,"href":"https:\/\/isef-sjn.infd.edu.ar\/sitio\/wp-json\/wp\/v2\/users\/65"}],"replies":[{"embeddable":true,"href":"https:\/\/isef-sjn.infd.edu.ar\/sitio\/wp-json\/wp\/v2\/comments?post=2256"}],"version-history":[{"count":1,"href":"https:\/\/isef-sjn.infd.edu.ar\/sitio\/wp-json\/wp\/v2\/pages\/2256\/revisions"}],"predecessor-version":[{"id":2258,"href":"https:\/\/isef-sjn.infd.edu.ar\/sitio\/wp-json\/wp\/v2\/pages\/2256\/revisions\/2258"}],"wp:attachment":[{"href":"https:\/\/isef-sjn.infd.edu.ar\/sitio\/wp-json\/wp\/v2\/media?parent=2256"}],"curies":[{"name":"wp","href":"https:\/\/api.w.org\/{rel}","templated":true}]}}