{"id":2188,"date":"2021-09-27T09:53:31","date_gmt":"2021-09-27T12:53:31","guid":{"rendered":"https:\/\/isef-sjn.infd.edu.ar\/sitio\/?page_id=2188"},"modified":"2021-09-27T10:47:17","modified_gmt":"2021-09-27T13:47:17","slug":"1o-ano-2","status":"publish","type":"page","link":"https:\/\/isef-sjn.infd.edu.ar\/sitio\/1o-ano-2\/","title":{"rendered":"1\u00ba A\u00d1O"},"content":{"rendered":"\n<div class=\"wp-block-file\"><a href=\"https:\/\/isef-sjn.infd.edu.ar\/sitio\/wp-content\/uploads\/2021\/09\/1.6.-ABCD.-PRACTICAS-ACUATICAS-Y-SU-ENSENANZA-1.pdf\">1.6.ABCD.PR\u00c1CTICAS ACU\u00c1TICAS Y SU ENSE\u00d1ANZA<\/a><a href=\"https:\/\/isef-sjn.infd.edu.ar\/sitio\/wp-content\/uploads\/2021\/09\/1.6.-ABCD.-PRACTICAS-ACUATICAS-Y-SU-ENSENANZA-1.pdf\" class=\"wp-block-file__button\" download>Descarga<\/a><\/div>\n\n\n","protected":false},"excerpt":{"rendered":"","protected":false},"author":65,"featured_media":0,"parent":0,"menu_order":0,"comment_status":"closed","ping_status":"closed","template":"","meta":[],"acf":[],"_links":{"self":[{"href":"https:\/\/isef-sjn.infd.edu.ar\/sitio\/wp-json\/wp\/v2\/pages\/2188"}],"collection":[{"href":"https:\/\/isef-sjn.infd.edu.ar\/sitio\/wp-json\/wp\/v2\/pages"}],"about":[{"href":"https:\/\/isef-sjn.infd.edu.ar\/sitio\/wp-json\/wp\/v2\/types\/page"}],"author":[{"embeddable":true,"href":"https:\/\/isef-sjn.infd.edu.ar\/sitio\/wp-json\/wp\/v2\/users\/65"}],"replies":[{"embeddable":true,"href":"https:\/\/isef-sjn.infd.edu.ar\/sitio\/wp-json\/wp\/v2\/comments?post=2188"}],"version-history":[{"count":3,"href":"https:\/\/isef-sjn.infd.edu.ar\/sitio\/wp-json\/wp\/v2\/pages\/2188\/revisions"}],"predecessor-version":[{"id":2212,"href":"https:\/\/isef-sjn.infd.edu.ar\/sitio\/wp-json\/wp\/v2\/pages\/2188\/revisions\/2212"}],"wp:attachment":[{"href":"https:\/\/isef-sjn.infd.edu.ar\/sitio\/wp-json\/wp\/v2\/media?parent=2188"}],"curies":[{"name":"wp","href":"https:\/\/api.w.org\/{rel}","templated":true}]}}