{"id":1902,"date":"2021-03-10T13:07:27","date_gmt":"2021-03-10T16:07:27","guid":{"rendered":"https:\/\/isef-sjn.infd.edu.ar\/sitio\/?page_id=1902"},"modified":"2021-11-30T12:11:41","modified_gmt":"2021-11-30T15:11:41","slug":"cronograma-de-cursillo-y-examenes-de-ingreso","status":"publish","type":"page","link":"https:\/\/isef-sjn.infd.edu.ar\/sitio\/cronograma-de-cursillo-y-examenes-de-ingreso\/","title":{"rendered":"Cronograma de Ex\u00e1menes de Ingreso"},"content":{"rendered":"<p>En esta secci\u00f3n se publicar\u00e1 el cronograma del Examen de Ingreso<\/p>\n\n\n<p><\/p>\n","protected":false},"excerpt":{"rendered":"<p>En esta secci\u00f3n se publicar\u00e1 el cronograma del Examen de Ingreso<\/p>\n","protected":false},"author":65,"featured_media":0,"parent":0,"menu_order":0,"comment_status":"closed","ping_status":"closed","template":"","meta":[],"acf":[],"_links":{"self":[{"href":"https:\/\/isef-sjn.infd.edu.ar\/sitio\/wp-json\/wp\/v2\/pages\/1902"}],"collection":[{"href":"https:\/\/isef-sjn.infd.edu.ar\/sitio\/wp-json\/wp\/v2\/pages"}],"about":[{"href":"https:\/\/isef-sjn.infd.edu.ar\/sitio\/wp-json\/wp\/v2\/types\/page"}],"author":[{"embeddable":true,"href":"https:\/\/isef-sjn.infd.edu.ar\/sitio\/wp-json\/wp\/v2\/users\/65"}],"replies":[{"embeddable":true,"href":"https:\/\/isef-sjn.infd.edu.ar\/sitio\/wp-json\/wp\/v2\/comments?post=1902"}],"version-history":[{"count":4,"href":"https:\/\/isef-sjn.infd.edu.ar\/sitio\/wp-json\/wp\/v2\/pages\/1902\/revisions"}],"predecessor-version":[{"id":2330,"href":"https:\/\/isef-sjn.infd.edu.ar\/sitio\/wp-json\/wp\/v2\/pages\/1902\/revisions\/2330"}],"wp:attachment":[{"href":"https:\/\/isef-sjn.infd.edu.ar\/sitio\/wp-json\/wp\/v2\/media?parent=1902"}],"curies":[{"name":"wp","href":"https:\/\/api.w.org\/{rel}","templated":true}]}}