{"id":1865,"date":"2021-02-19T18:53:30","date_gmt":"2021-02-19T21:53:30","guid":{"rendered":"https:\/\/isef-sjn.infd.edu.ar\/sitio\/?page_id=1865"},"modified":"2022-12-15T20:38:32","modified_gmt":"2022-12-15T23:38:32","slug":"listado-turnos-auditoria-medica","status":"publish","type":"page","link":"https:\/\/isef-sjn.infd.edu.ar\/sitio\/listado-turnos-auditoria-medica\/","title":{"rendered":"Listado turnos para presentar carpeta de inscripci\u00f3n"},"content":{"rendered":"<p>Los aspirantes deber\u00e1n asistir el d\u00eda y la hora indicada sin excepci\u00f3n.<\/p>\n<p>Deber\u00e1n llegar 10&#8242; antes del horario indicado.\u00a0 Una vez presentada la carpeta, deber\u00e1n hacer abandono inmediato de la instituci\u00f3n.<\/p>\n<p>No podr\u00e1n permanecer en grupos y mantendr\u00e1n\u00a0 la distancia social cuando sea necesario. El uso de barbijo es obligatorio<\/p>\n<p>El turno para la auditoria m\u00e9dica se entrega al momento de ser recepcionada la carpeta de Inscripci\u00f3n.<\/p>\n","protected":false},"excerpt":{"rendered":"<p>Los aspirantes deber\u00e1n asistir el d\u00eda y la hora indicada sin excepci\u00f3n. Deber\u00e1n llegar 10&#8242; antes del horario indicado.\u00a0 Una vez presentada la carpeta, deber\u00e1n hacer abandono inmediato de la instituci\u00f3n. No podr\u00e1n permanecer en grupos y mantendr\u00e1n\u00a0 la distancia social cuando sea necesario. El uso de barbijo es obligatorio El turno para la auditoria &#8230; <a title=\"Listado turnos para presentar carpeta de inscripci\u00f3n\" class=\"read-more\" href=\"https:\/\/isef-sjn.infd.edu.ar\/sitio\/listado-turnos-auditoria-medica\/\" aria-label=\"More on Listado turnos para presentar carpeta de inscripci\u00f3n\">[+]<\/a><\/p>\n","protected":false},"author":65,"featured_media":0,"parent":0,"menu_order":0,"comment_status":"closed","ping_status":"closed","template":"","meta":[],"acf":[],"_links":{"self":[{"href":"https:\/\/isef-sjn.infd.edu.ar\/sitio\/wp-json\/wp\/v2\/pages\/1865"}],"collection":[{"href":"https:\/\/isef-sjn.infd.edu.ar\/sitio\/wp-json\/wp\/v2\/pages"}],"about":[{"href":"https:\/\/isef-sjn.infd.edu.ar\/sitio\/wp-json\/wp\/v2\/types\/page"}],"author":[{"embeddable":true,"href":"https:\/\/isef-sjn.infd.edu.ar\/sitio\/wp-json\/wp\/v2\/users\/65"}],"replies":[{"embeddable":true,"href":"https:\/\/isef-sjn.infd.edu.ar\/sitio\/wp-json\/wp\/v2\/comments?post=1865"}],"version-history":[{"count":14,"href":"https:\/\/isef-sjn.infd.edu.ar\/sitio\/wp-json\/wp\/v2\/pages\/1865\/revisions"}],"predecessor-version":[{"id":2488,"href":"https:\/\/isef-sjn.infd.edu.ar\/sitio\/wp-json\/wp\/v2\/pages\/1865\/revisions\/2488"}],"wp:attachment":[{"href":"https:\/\/isef-sjn.infd.edu.ar\/sitio\/wp-json\/wp\/v2\/media?parent=1865"}],"curies":[{"name":"wp","href":"https:\/\/api.w.org\/{rel}","templated":true}]}}