{"id":1807,"date":"2020-12-08T15:04:04","date_gmt":"2020-12-08T18:04:04","guid":{"rendered":"https:\/\/isef-sjn.infd.edu.ar\/sitio\/?page_id=1807"},"modified":"2021-11-30T12:23:26","modified_gmt":"2021-11-30T15:23:26","slug":"enlace-para-preinscripcion","status":"publish","type":"page","link":"https:\/\/isef-sjn.infd.edu.ar\/sitio\/enlace-para-preinscripcion\/","title":{"rendered":"Enlace para INSCRIPCI\u00d3N"},"content":{"rendered":"<p><a href=\"https:\/\/docs.google.com\/forms\/d\/e\/1FAIpQLSe5UkJtrYEg1gdYzp3yBKJYBe-_aRhJr6TXfUiMKFFyZH9g8w\/viewform\"><span style=\"color: #000000;\"><strong>ABRIR\u00c1<\/strong> a partir del lunes 14 de febrero de 2022 a las 12:00 hs.<\/span><\/a><\/p>\n<p>El formulario, lo completar\u00e1n quienes han realizado la <strong>preinscripci\u00f3n<\/strong> (presencial) que se realiza en las instalaciones del I.S.E.F. &#8211; S.J. sito en calle Roque Saenz Pe\u00f1a 2952 (e) Santa Luc\u00eda &#8211; San Juan a partir del 1\/12\/21 en horarios de 8:00 a 12:00 y de 14:00 a 18:00 hs. donde adquirir\u00e1n la carpeta y los formularios de inscripci\u00f3n. Este enlace abrir\u00e1 el d\u00eda 14\/02\/22 a las 12:00 hs., previo al inicio de las INSCRIPCIONES, es decir antes de presentar la carpeta &#8211; legajo con todos los requisitos.\u00a0<\/p>\n<p>Valor preinscripci\u00f3n: $500<\/p>\n<p><strong><a href=\"https:\/\/docs.google.com\/forms\/d\/e\/1FAIpQLSeKWvsc4n-yGKNEBofGwSzURAJDg7n9jstHfHkZWpOqlo1J6A\/viewform\">Acceder al formulario de inscripci\u00f3n<\/a><\/strong><\/p>\n\n\n<p><\/p>\n","protected":false},"excerpt":{"rendered":"<p>ABRIR\u00c1 a partir del lunes 14 de febrero de 2022 a las 12:00 hs. El formulario, lo completar\u00e1n quienes han realizado la preinscripci\u00f3n (presencial) que se realiza en las instalaciones del I.S.E.F. &#8211; S.J. sito en calle Roque Saenz Pe\u00f1a 2952 (e) Santa Luc\u00eda &#8211; San Juan a partir del 1\/12\/21 en horarios de 8:00 &#8230; <a title=\"Enlace para INSCRIPCI\u00d3N\" class=\"read-more\" href=\"https:\/\/isef-sjn.infd.edu.ar\/sitio\/enlace-para-preinscripcion\/\" aria-label=\"More on Enlace para INSCRIPCI\u00d3N\">[+]<\/a><\/p>\n","protected":false},"author":65,"featured_media":0,"parent":0,"menu_order":0,"comment_status":"closed","ping_status":"closed","template":"","meta":[],"acf":[],"_links":{"self":[{"href":"https:\/\/isef-sjn.infd.edu.ar\/sitio\/wp-json\/wp\/v2\/pages\/1807"}],"collection":[{"href":"https:\/\/isef-sjn.infd.edu.ar\/sitio\/wp-json\/wp\/v2\/pages"}],"about":[{"href":"https:\/\/isef-sjn.infd.edu.ar\/sitio\/wp-json\/wp\/v2\/types\/page"}],"author":[{"embeddable":true,"href":"https:\/\/isef-sjn.infd.edu.ar\/sitio\/wp-json\/wp\/v2\/users\/65"}],"replies":[{"embeddable":true,"href":"https:\/\/isef-sjn.infd.edu.ar\/sitio\/wp-json\/wp\/v2\/comments?post=1807"}],"version-history":[{"count":11,"href":"https:\/\/isef-sjn.infd.edu.ar\/sitio\/wp-json\/wp\/v2\/pages\/1807\/revisions"}],"predecessor-version":[{"id":2340,"href":"https:\/\/isef-sjn.infd.edu.ar\/sitio\/wp-json\/wp\/v2\/pages\/1807\/revisions\/2340"}],"wp:attachment":[{"href":"https:\/\/isef-sjn.infd.edu.ar\/sitio\/wp-json\/wp\/v2\/media?parent=1807"}],"curies":[{"name":"wp","href":"https:\/\/api.w.org\/{rel}","templated":true}]}}