{"id":1557,"date":"2020-08-17T21:59:38","date_gmt":"2020-08-18T00:59:38","guid":{"rendered":"https:\/\/isef-sjn.infd.edu.ar\/sitio\/?page_id=1557"},"modified":"2022-12-15T20:39:37","modified_gmt":"2022-12-15T23:39:37","slug":"grupos-a-que-hora-debo-asistir","status":"publish","type":"page","link":"https:\/\/isef-sjn.infd.edu.ar\/sitio\/grupos-a-que-hora-debo-asistir\/","title":{"rendered":"Aspirantes 2023"},"content":{"rendered":"<div dir=\"auto\">&nbsp; &nbsp; &nbsp; &nbsp; &nbsp;En esta secci\u00f3n se publicar\u00e1 el listado de aspirantes que cumplimentaron toda la documentaci\u00f3n para acceder al Curso Preparatorio y Examen de Ingreso<\/div>\n<div dir=\"auto\"><\/div>\n<div dir=\"auto\"><\/div>\n<div dir=\"auto\"><\/div>\n<div dir=\"auto\"><\/div>\n<div dir=\"auto\"><\/div>\n<div dir=\"auto\"><\/div>\n<div dir=\"auto\"><\/div>\n<div dir=\"auto\"><\/div>\n<div dir=\"auto\"><\/div>\n","protected":false},"excerpt":{"rendered":"<p>&nbsp; &nbsp; &nbsp; &nbsp; &nbsp;En esta secci\u00f3n se publicar\u00e1 el listado de aspirantes que cumplimentaron toda la documentaci\u00f3n para acceder al Curso Preparatorio y Examen de Ingreso<\/p>\n","protected":false},"author":65,"featured_media":0,"parent":0,"menu_order":0,"comment_status":"closed","ping_status":"closed","template":"","meta":[],"acf":[],"_links":{"self":[{"href":"https:\/\/isef-sjn.infd.edu.ar\/sitio\/wp-json\/wp\/v2\/pages\/1557"}],"collection":[{"href":"https:\/\/isef-sjn.infd.edu.ar\/sitio\/wp-json\/wp\/v2\/pages"}],"about":[{"href":"https:\/\/isef-sjn.infd.edu.ar\/sitio\/wp-json\/wp\/v2\/types\/page"}],"author":[{"embeddable":true,"href":"https:\/\/isef-sjn.infd.edu.ar\/sitio\/wp-json\/wp\/v2\/users\/65"}],"replies":[{"embeddable":true,"href":"https:\/\/isef-sjn.infd.edu.ar\/sitio\/wp-json\/wp\/v2\/comments?post=1557"}],"version-history":[{"count":12,"href":"https:\/\/isef-sjn.infd.edu.ar\/sitio\/wp-json\/wp\/v2\/pages\/1557\/revisions"}],"predecessor-version":[{"id":2489,"href":"https:\/\/isef-sjn.infd.edu.ar\/sitio\/wp-json\/wp\/v2\/pages\/1557\/revisions\/2489"}],"wp:attachment":[{"href":"https:\/\/isef-sjn.infd.edu.ar\/sitio\/wp-json\/wp\/v2\/media?parent=1557"}],"curies":[{"name":"wp","href":"https:\/\/api.w.org\/{rel}","templated":true}]}}