{"id":1440,"date":"2020-04-05T15:31:51","date_gmt":"2020-04-05T18:31:51","guid":{"rendered":"https:\/\/isef-sjn.infd.edu.ar\/sitio\/?page_id=1440"},"modified":"2020-04-05T16:17:42","modified_gmt":"2020-04-05T19:17:42","slug":"4-ano","status":"publish","type":"page","link":"https:\/\/isef-sjn.infd.edu.ar\/sitio\/4-ano\/","title":{"rendered":"4\u00b0 A\u00d1O"},"content":{"rendered":"<p><a href=\"https:\/\/isef-sjn.infd.edu.ar\/sitio\/wp-content\/uploads\/2019\/11\/40.Educaci\u00f3n-Sexual-Integral.doc\">40.Educaci\u00f3n Sexual Integral<\/a><\/p>\n<p><a href=\"https:\/\/isef-sjn.infd.edu.ar\/sitio\/wp-content\/uploads\/2019\/08\/41.-La-Educaci\u00f3n-Fisica-en-la-Educaci\u00f3n-Especial.doc\">41. La Educaci\u00f3n Fisica en la Educaci\u00f3n Especial<\/a><\/p>\n<p><a href=\"https:\/\/isef-sjn.infd.edu.ar\/sitio\/wp-content\/uploads\/2019\/11\/42.Pr\u00e1ctica-Profesional-IV.doc\">42.Pr\u00e1ctica Profesional IV<\/a><\/p>\n","protected":false},"excerpt":{"rendered":"<p>40.Educaci\u00f3n Sexual Integral 41. La Educaci\u00f3n Fisica en la Educaci\u00f3n Especial 42.Pr\u00e1ctica Profesional IV<\/p>\n","protected":false},"author":65,"featured_media":0,"parent":0,"menu_order":0,"comment_status":"closed","ping_status":"closed","template":"","meta":[],"acf":[],"_links":{"self":[{"href":"https:\/\/isef-sjn.infd.edu.ar\/sitio\/wp-json\/wp\/v2\/pages\/1440"}],"collection":[{"href":"https:\/\/isef-sjn.infd.edu.ar\/sitio\/wp-json\/wp\/v2\/pages"}],"about":[{"href":"https:\/\/isef-sjn.infd.edu.ar\/sitio\/wp-json\/wp\/v2\/types\/page"}],"author":[{"embeddable":true,"href":"https:\/\/isef-sjn.infd.edu.ar\/sitio\/wp-json\/wp\/v2\/users\/65"}],"replies":[{"embeddable":true,"href":"https:\/\/isef-sjn.infd.edu.ar\/sitio\/wp-json\/wp\/v2\/comments?post=1440"}],"version-history":[{"count":3,"href":"https:\/\/isef-sjn.infd.edu.ar\/sitio\/wp-json\/wp\/v2\/pages\/1440\/revisions"}],"predecessor-version":[{"id":1452,"href":"https:\/\/isef-sjn.infd.edu.ar\/sitio\/wp-json\/wp\/v2\/pages\/1440\/revisions\/1452"}],"wp:attachment":[{"href":"https:\/\/isef-sjn.infd.edu.ar\/sitio\/wp-json\/wp\/v2\/media?parent=1440"}],"curies":[{"name":"wp","href":"https:\/\/api.w.org\/{rel}","templated":true}]}}