{"id":1434,"date":"2020-04-05T15:30:26","date_gmt":"2020-04-05T18:30:26","guid":{"rendered":"https:\/\/isef-sjn.infd.edu.ar\/sitio\/?page_id=1434"},"modified":"2020-04-05T16:17:27","modified_gmt":"2020-04-05T19:17:27","slug":"3-ano","status":"publish","type":"page","link":"https:\/\/isef-sjn.infd.edu.ar\/sitio\/3-ano\/","title":{"rendered":"3\u00b0 A\u00d1O"},"content":{"rendered":"<p><a href=\"https:\/\/isef-sjn.infd.edu.ar\/sitio\/wp-content\/uploads\/2019\/08\/27.Investigaci\u00f3n-educativa.pdf\">27.Investigaci\u00f3n educativa<\/a><\/p>\n<p><a href=\"https:\/\/isef-sjn.infd.edu.ar\/sitio\/wp-content\/uploads\/2019\/08\/28.Formaci\u00f3n-\u00c9tica-y-ciudadana-Heredia-N..doc\">28.Formaci\u00f3n \u00c9tica y ciudadana Heredia N.<\/a><\/p>\n<p><a href=\"https:\/\/isef-sjn.infd.edu.ar\/sitio\/wp-content\/uploads\/2019\/08\/ComunicacionCulturaTIC2019.pdf\">29.ComunicacionCulturaTIC2019<\/a><\/p>\n<p><a href=\"https:\/\/isef-sjn.infd.edu.ar\/sitio\/wp-content\/uploads\/2019\/08\/30.H\u00f3ckey-sobre-cesped-y-su-ense\u00f1anza.doc\">30.H\u00f3ckey sobre cesped y su ense\u00f1anza<\/a><\/p>\n<p><a href=\"https:\/\/isef-sjn.infd.edu.ar\/sitio\/wp-content\/uploads\/2019\/08\/31.V\u00f3leibol-y-su-ense\u00f1anza.doc\">31.V\u00f3leibol y su ense\u00f1anza<\/a><\/p>\n<p><a href=\"https:\/\/isef-sjn.infd.edu.ar\/sitio\/wp-content\/uploads\/2019\/08\/32.Did\u00e1ctica-de-la-Educaci\u00f3n-Fisica-en-el-Nivel-Incial-y-Primario.-Garc\u00eda.docx\">32.Did\u00e1ctica de la Educaci\u00f3n Fisica en el Nivel Incial y Primario. Garc\u00eda<\/a><\/p>\n<p><a href=\"https:\/\/isef-sjn.infd.edu.ar\/sitio\/wp-content\/uploads\/2019\/08\/32.Did\u00e1ctica-de-la-Educaci\u00f3n-Fisica-en-el-Nivel-Incial-y-Primario.-Lloveras.docx\">32.Did\u00e1ctica de la Educaci\u00f3n Fisica en el Nivel Incial y Primario. Lloveras<\/a><\/p>\n<p>&nbsp;<\/p>\n<p><a href=\"https:\/\/isef-sjn.infd.edu.ar\/sitio\/wp-content\/uploads\/2019\/09\/34.Pr\u00e1cticas-Motrices-Expresivas.doc\">34.Pr\u00e1cticas Motrices Expresivas<\/a><\/p>\n<p><a href=\"https:\/\/isef-sjn.infd.edu.ar\/sitio\/wp-content\/uploads\/2019\/09\/35.Did\u00e1ctica-de-la-Educaci\u00f3n-F\u00edsica-en-la-Educaci\u00f3n-Secundaria-y-Especial.-Dilelio.doc\">35.Did\u00e1ctica de la Educaci\u00f3n F\u00edsica en la Educaci\u00f3n Secundaria y Especial. Dilelio<\/a><\/p>\n<p>&nbsp;<\/p>\n<p><a href=\"https:\/\/isef-sjn.infd.edu.ar\/sitio\/wp-content\/uploads\/2019\/09\/38.Educaci\u00f3n-f\u00edsica-y-salud.doc\">38.Educaci\u00f3n f\u00edsica y salud<\/a><\/p>\n<p><a href=\"https:\/\/isef-sjn.infd.edu.ar\/sitio\/wp-content\/uploads\/2019\/09\/39.Pr\u00e1ctica-Profesional-III.doc\">39.Pr\u00e1ctica Profesional III<\/a><\/p>\n<p>&nbsp;<\/p>\n","protected":false},"excerpt":{"rendered":"<p>27.Investigaci\u00f3n educativa 28.Formaci\u00f3n \u00c9tica y ciudadana Heredia N. 29.ComunicacionCulturaTIC2019 30.H\u00f3ckey sobre cesped y su ense\u00f1anza 31.V\u00f3leibol y su ense\u00f1anza 32.Did\u00e1ctica de la Educaci\u00f3n Fisica en el Nivel Incial y Primario. Garc\u00eda 32.Did\u00e1ctica de la Educaci\u00f3n Fisica en el Nivel Incial y Primario. Lloveras &nbsp; 34.Pr\u00e1cticas Motrices Expresivas 35.Did\u00e1ctica de la Educaci\u00f3n F\u00edsica en la Educaci\u00f3n &#8230; <a title=\"3\u00b0 A\u00d1O\" class=\"read-more\" href=\"https:\/\/isef-sjn.infd.edu.ar\/sitio\/3-ano\/\" aria-label=\"More on 3\u00b0 A\u00d1O\">[+]<\/a><\/p>\n","protected":false},"author":65,"featured_media":0,"parent":0,"menu_order":0,"comment_status":"closed","ping_status":"closed","template":"","meta":[],"acf":[],"_links":{"self":[{"href":"https:\/\/isef-sjn.infd.edu.ar\/sitio\/wp-json\/wp\/v2\/pages\/1434"}],"collection":[{"href":"https:\/\/isef-sjn.infd.edu.ar\/sitio\/wp-json\/wp\/v2\/pages"}],"about":[{"href":"https:\/\/isef-sjn.infd.edu.ar\/sitio\/wp-json\/wp\/v2\/types\/page"}],"author":[{"embeddable":true,"href":"https:\/\/isef-sjn.infd.edu.ar\/sitio\/wp-json\/wp\/v2\/users\/65"}],"replies":[{"embeddable":true,"href":"https:\/\/isef-sjn.infd.edu.ar\/sitio\/wp-json\/wp\/v2\/comments?post=1434"}],"version-history":[{"count":3,"href":"https:\/\/isef-sjn.infd.edu.ar\/sitio\/wp-json\/wp\/v2\/pages\/1434\/revisions"}],"predecessor-version":[{"id":1450,"href":"https:\/\/isef-sjn.infd.edu.ar\/sitio\/wp-json\/wp\/v2\/pages\/1434\/revisions\/1450"}],"wp:attachment":[{"href":"https:\/\/isef-sjn.infd.edu.ar\/sitio\/wp-json\/wp\/v2\/media?parent=1434"}],"curies":[{"name":"wp","href":"https:\/\/api.w.org\/{rel}","templated":true}]}}