{"id":1424,"date":"2020-04-05T15:24:56","date_gmt":"2020-04-05T18:24:56","guid":{"rendered":"https:\/\/isef-sjn.infd.edu.ar\/sitio\/?page_id=1424"},"modified":"2020-04-05T16:10:35","modified_gmt":"2020-04-05T19:10:35","slug":"1-ano","status":"publish","type":"page","link":"https:\/\/isef-sjn.infd.edu.ar\/sitio\/1-ano\/","title":{"rendered":"1\u00b0 A\u00d1O"},"content":{"rendered":"<p><a href=\"https:\/\/isef-sjn.infd.edu.ar\/sitio\/wp-content\/uploads\/2019\/08\/01.Historia-Social-Argentina-y-Latinoamericana.-Martinez.doc\">01.Historia Social Argentina y Latinoamericana. Martinez<\/a><\/p>\n<p><a href=\"https:\/\/isef-sjn.infd.edu.ar\/sitio\/wp-content\/uploads\/2019\/08\/01.Historia-Social-Argentina-y-Latinoamericana.-Guzm\u00e1n.doc\">01.Historia Social Argentina y Latinoamericana. Guzm\u00e1n<\/a><\/p>\n<p><a href=\"https:\/\/isef-sjn.infd.edu.ar\/sitio\/wp-content\/uploads\/2019\/08\/01.Historia-Social-Argentina-y-Latinoamericana.-Menegazzo.doc\">01.Historia Social Argentina y Latinoamericana. Menegazzo<\/a><\/p>\n<p><a href=\"https:\/\/isef-sjn.infd.edu.ar\/sitio\/wp-content\/uploads\/2019\/08\/02.Psicolog\u00eda-Educacional.-Heredia-Amore.doc\">02.Psicolog\u00eda Educacional. Heredia-<\/a><a href=\"https:\/\/isef-sjn.infd.edu.ar\/sitio\/wp-content\/uploads\/2019\/08\/02.Psicolog\u00eda-Educacional.-Heredia-Amore.doc\">Amore<\/a><\/p>\n<p><a href=\"https:\/\/isef-sjn.infd.edu.ar\/sitio\/wp-content\/uploads\/2019\/08\/03.Estado-sociedad-y-educaci\u00f3n.-Heredia.doc\">03.Estado, sociedad y educaci\u00f3n. Heredia<\/a><\/p>\n<p><a href=\"https:\/\/isef-sjn.infd.edu.ar\/sitio\/wp-content\/uploads\/2019\/08\/03.Estado-sociedad-y-educaci\u00f3n.-Petta.doc\">0<\/a><a href=\"https:\/\/isef-sjn.infd.edu.ar\/sitio\/wp-content\/uploads\/2019\/08\/03.Estado-sociedad-y-educaci\u00f3n.-Petta.doc\">3.Estado, sociedad y educaci\u00f3n. Petta<\/a><\/p>\n<p><a href=\"https:\/\/isef-sjn.infd.edu.ar\/sitio\/wp-content\/uploads\/2019\/09\/04.Lectura-escritura-y-oralidad.pdf\">04.Lectura, escritura y oralidad<\/a><\/p>\n<p><a href=\"https:\/\/isef-sjn.infd.edu.ar\/sitio\/wp-content\/uploads\/2019\/10\/05.Teor\u00eda-de-la-Educaci\u00f3n.doc\">05.Teor\u00eda de la Educaci\u00f3n<\/a><\/p>\n<p><a href=\"https:\/\/isef-sjn.infd.edu.ar\/sitio\/wp-content\/uploads\/2019\/08\/06.Pr\u00e1cticas-acu\u00e1ticas-y-su-ense\u00f1anza.doc\">06.Pr\u00e1cticas acu\u00e1ticas y su ense\u00f1anza<\/a><\/p>\n<p><a href=\"https:\/\/isef-sjn.infd.edu.ar\/sitio\/wp-content\/uploads\/2019\/08\/07.Pr\u00e1cticas-Gimn\u00e1sticas.doc\">07.Pr\u00e1cticas Gimn\u00e1sticas<\/a><\/p>\n<p><a href=\"https:\/\/isef-sjn.infd.edu.ar\/sitio\/wp-content\/uploads\/2019\/08\/8.-F\u00fatbol-y-su-ense\u00f1anaza.doc\">8. F\u00fatbol y su ense\u00f1anaza<\/a><\/p>\n<p><a href=\"https:\/\/isef-sjn.infd.edu.ar\/sitio\/wp-content\/uploads\/2019\/08\/09.Anatomia-funcional.doc\">09.Anatomia funcional<\/a><\/p>\n<p><a href=\"https:\/\/isef-sjn.infd.edu.ar\/sitio\/wp-content\/uploads\/2019\/08\/10.Did\u00e1ctica-de-las-Pr\u00e1cticas-Deportivas-.doc\">10.Did\u00e1ctica de las Pr\u00e1cticas Deportivas<\/a><\/p>\n<p><a href=\"https:\/\/isef-sjn.infd.edu.ar\/sitio\/wp-content\/uploads\/2019\/08\/11.Fisiolog\u00eda-General.doc\">11.Fisiolog\u00eda General<\/a><\/p>\n<p><a href=\"https:\/\/isef-sjn.infd.edu.ar\/sitio\/wp-content\/uploads\/2019\/09\/12.Desarrollo-Motor.pdf\">12.Desarrollo Motor<\/a><\/p>\n<p><a href=\"https:\/\/isef-sjn.infd.edu.ar\/sitio\/wp-content\/uploads\/2019\/08\/13.Pr\u00e1ctica-Ludomotrices.doc\">13.Pr\u00e1ctica Ludomotrices<\/a><\/p>\n<p><a href=\"https:\/\/isef-sjn.infd.edu.ar\/sitio\/wp-content\/uploads\/2019\/08\/14.Pr\u00e1ctica-Profesional-I.doc\">14.<\/a><a href=\"https:\/\/isef-sjn.infd.edu.ar\/sitio\/wp-content\/uploads\/2019\/08\/14.Pr\u00e1ctica-Profesional-I.doc\">Pr\u00e1ctica Profesional I<\/a><\/p>\n<p>&nbsp;<\/p>\n<p>&nbsp;<\/p>\n<p>&nbsp;<\/p>\n","protected":false},"excerpt":{"rendered":"<p>01.Historia Social Argentina y Latinoamericana. Martinez 01.Historia Social Argentina y Latinoamericana. Guzm\u00e1n 01.Historia Social Argentina y Latinoamericana. Menegazzo 02.Psicolog\u00eda Educacional. Heredia-Amore 03.Estado, sociedad y educaci\u00f3n. Heredia 03.Estado, sociedad y educaci\u00f3n. Petta 04.Lectura, escritura y oralidad 05.Teor\u00eda de la Educaci\u00f3n 06.Pr\u00e1cticas acu\u00e1ticas y su ense\u00f1anza 07.Pr\u00e1cticas Gimn\u00e1sticas 8. F\u00fatbol y su ense\u00f1anaza 09.Anatomia funcional 10.Did\u00e1ctica de &#8230; <a title=\"1\u00b0 A\u00d1O\" class=\"read-more\" href=\"https:\/\/isef-sjn.infd.edu.ar\/sitio\/1-ano\/\" aria-label=\"More on 1\u00b0 A\u00d1O\">[+]<\/a><\/p>\n","protected":false},"author":65,"featured_media":0,"parent":0,"menu_order":0,"comment_status":"closed","ping_status":"closed","template":"","meta":[],"acf":[],"_links":{"self":[{"href":"https:\/\/isef-sjn.infd.edu.ar\/sitio\/wp-json\/wp\/v2\/pages\/1424"}],"collection":[{"href":"https:\/\/isef-sjn.infd.edu.ar\/sitio\/wp-json\/wp\/v2\/pages"}],"about":[{"href":"https:\/\/isef-sjn.infd.edu.ar\/sitio\/wp-json\/wp\/v2\/types\/page"}],"author":[{"embeddable":true,"href":"https:\/\/isef-sjn.infd.edu.ar\/sitio\/wp-json\/wp\/v2\/users\/65"}],"replies":[{"embeddable":true,"href":"https:\/\/isef-sjn.infd.edu.ar\/sitio\/wp-json\/wp\/v2\/comments?post=1424"}],"version-history":[{"count":5,"href":"https:\/\/isef-sjn.infd.edu.ar\/sitio\/wp-json\/wp\/v2\/pages\/1424\/revisions"}],"predecessor-version":[{"id":2187,"href":"https:\/\/isef-sjn.infd.edu.ar\/sitio\/wp-json\/wp\/v2\/pages\/1424\/revisions\/2187"}],"wp:attachment":[{"href":"https:\/\/isef-sjn.infd.edu.ar\/sitio\/wp-json\/wp\/v2\/media?parent=1424"}],"curies":[{"name":"wp","href":"https:\/\/api.w.org\/{rel}","templated":true}]}}