{"id":1398,"date":"2020-04-05T14:45:59","date_gmt":"2020-04-05T17:45:59","guid":{"rendered":"https:\/\/isef-sjn.infd.edu.ar\/sitio\/?page_id=1398"},"modified":"2021-09-08T20:05:54","modified_gmt":"2021-09-08T23:05:54","slug":"disposiciones-de-la-d-e-s","status":"publish","type":"page","link":"https:\/\/isef-sjn.infd.edu.ar\/sitio\/disposiciones-de-la-d-e-s\/","title":{"rendered":"Disposiciones de la D.E.S."},"content":{"rendered":"<p><a href=\"https:\/\/isef-sjn.infd.edu.ar\/sitio\/wp-content\/uploads\/2021\/04\/DISPOSICION-21-DES-N\u00b0-084-DEP-2021-CURASADO-ACREDITACION-2021.pdf\">DISPOSICION 21-DES &#8211; N\u00b0 084-DEP-2021 CURSADO ACREDITACION 2021<\/a><\/p>\n<p><a href=\"https:\/\/isef-sjn.infd.edu.ar\/sitio\/wp-content\/uploads\/2020\/06\/Normativa-para-Evaluaci\u00f3n-y-Pr\u00e1cticas-profesionales-en-el-maco-de-la-pandemia-Covid-19.pdf\">Normativa para Evaluaci\u00f3n y Pr\u00e1cticas profesionales en el maco de la pandemia Covid-19<\/a><\/p>\n<p><a href=\"https:\/\/isef-sjn.infd.edu.ar\/sitio\/wp-content\/uploads\/2020\/04\/Disposici\u00f3n-N\u00b006-DES-DEP.pdf\">Disposici\u00f3n N\u00b006 \/20 -DES-DEP<\/a><\/p>\n\n\n<div class=\"wp-block-file\"><a href=\"https:\/\/isef-sjn.infd.edu.ar\/sitio\/wp-content\/uploads\/2021\/09\/RESOLUCION-3246-ME-22AGO21.pdf\" class=\"wp-block-file__button\" download>Descarga<\/a><\/div>\n\n\n\n<div class=\"wp-block-file\"><a href=\"https:\/\/isef-sjn.infd.edu.ar\/sitio\/wp-content\/uploads\/2021\/09\/Disposicion-66-DES-23AGO21.pdf\">Disposicion-66-DES-23AGO21 Presencialidad plena<\/a><a href=\"https:\/\/isef-sjn.infd.edu.ar\/sitio\/wp-content\/uploads\/2021\/09\/Disposicion-66-DES-23AGO21.pdf\" class=\"wp-block-file__button\" download>Descarga<\/a><\/div>\n","protected":false},"excerpt":{"rendered":"<p>DISPOSICION 21-DES &#8211; N\u00b0 084-DEP-2021 CURSADO ACREDITACION 2021 Normativa para Evaluaci\u00f3n y Pr\u00e1cticas profesionales en el maco de la pandemia Covid-19 Disposici\u00f3n N\u00b006 \/20 -DES-DEP<\/p>\n","protected":false},"author":65,"featured_media":0,"parent":0,"menu_order":0,"comment_status":"closed","ping_status":"closed","template":"","meta":[],"acf":[],"_links":{"self":[{"href":"https:\/\/isef-sjn.infd.edu.ar\/sitio\/wp-json\/wp\/v2\/pages\/1398"}],"collection":[{"href":"https:\/\/isef-sjn.infd.edu.ar\/sitio\/wp-json\/wp\/v2\/pages"}],"about":[{"href":"https:\/\/isef-sjn.infd.edu.ar\/sitio\/wp-json\/wp\/v2\/types\/page"}],"author":[{"embeddable":true,"href":"https:\/\/isef-sjn.infd.edu.ar\/sitio\/wp-json\/wp\/v2\/users\/65"}],"replies":[{"embeddable":true,"href":"https:\/\/isef-sjn.infd.edu.ar\/sitio\/wp-json\/wp\/v2\/comments?post=1398"}],"version-history":[{"count":8,"href":"https:\/\/isef-sjn.infd.edu.ar\/sitio\/wp-json\/wp\/v2\/pages\/1398\/revisions"}],"predecessor-version":[{"id":2089,"href":"https:\/\/isef-sjn.infd.edu.ar\/sitio\/wp-json\/wp\/v2\/pages\/1398\/revisions\/2089"}],"wp:attachment":[{"href":"https:\/\/isef-sjn.infd.edu.ar\/sitio\/wp-json\/wp\/v2\/media?parent=1398"}],"curies":[{"name":"wp","href":"https:\/\/api.w.org\/{rel}","templated":true}]}}