{"id":1121,"date":"2019-11-27T11:17:36","date_gmt":"2019-11-27T14:17:36","guid":{"rendered":"https:\/\/isef-sjn.infd.edu.ar\/sitio\/?page_id=1121"},"modified":"2021-09-14T19:47:17","modified_gmt":"2021-09-14T22:47:17","slug":"general","status":"publish","type":"page","link":"https:\/\/isef-sjn.infd.edu.ar\/sitio\/general\/","title":{"rendered":"General"},"content":{"rendered":"<p><a href=\"https:\/\/isef-sjn.infd.edu.ar\/sitio\/wp-content\/uploads\/2020\/07\/CALENDARIO-ACAD\u00c9MICO-2020.doc\">CALENDARIO ACAD\u00c9MICO 2020 (descargar)<\/a><\/p>\n<p>El <strong>calendario acad\u00e9mico 2021<\/strong>, est\u00e1 en permanente actualizaci\u00f3n debido a los ajustes producto de los cambios por el status sanitario y se informa en Men\u00fa: Noticias y Actualidad<\/p>\n\n\n<div class=\"wp-block-file\"><a href=\"https:\/\/isef-sjn.infd.edu.ar\/sitio\/wp-content\/uploads\/2021\/09\/2021-2o-CUATRIMESTRE.jpg\">2021 2\u00ba CUATRIMESTRE<\/a><a href=\"https:\/\/isef-sjn.infd.edu.ar\/sitio\/wp-content\/uploads\/2021\/09\/2021-2o-CUATRIMESTRE.jpg\" class=\"wp-block-file__button\" download>Descarga<\/a><\/div>\n\n\n\n<figure class=\"wp-block-gallery columns-1 is-cropped wp-block-gallery-1 is-layout-flex\"><ul class=\"blocks-gallery-grid\"><li class=\"blocks-gallery-item\"><figure><img decoding=\"async\" loading=\"lazy\" width=\"967\" height=\"377\" src=\"https:\/\/isef-sjn.infd.edu.ar\/sitio\/wp-content\/uploads\/2021\/09\/Calendario-2021.jpg\" alt=\"\" data-id=\"2184\" data-full-url=\"https:\/\/isef-sjn.infd.edu.ar\/sitio\/wp-content\/uploads\/2021\/09\/Calendario-2021.jpg\" data-link=\"https:\/\/isef-sjn.infd.edu.ar\/sitio\/general\/calendario-2021\/#main\" class=\"wp-image-2184\" srcset=\"https:\/\/isef-sjn.infd.edu.ar\/sitio\/wp-content\/uploads\/2021\/09\/Calendario-2021.jpg 967w, https:\/\/isef-sjn.infd.edu.ar\/sitio\/wp-content\/uploads\/2021\/09\/Calendario-2021-768x299.jpg 768w\" sizes=\"(max-width: 967px) 100vw, 967px\" \/><\/figure><\/li><\/ul><\/figure>\n","protected":false},"excerpt":{"rendered":"<p>CALENDARIO ACAD\u00c9MICO 2020 (descargar) El calendario acad\u00e9mico 2021, est\u00e1 en permanente actualizaci\u00f3n debido a los ajustes producto de los cambios por el status sanitario y se informa en Men\u00fa: Noticias y Actualidad<\/p>\n","protected":false},"author":14,"featured_media":0,"parent":0,"menu_order":0,"comment_status":"closed","ping_status":"closed","template":"","meta":[],"acf":[],"_links":{"self":[{"href":"https:\/\/isef-sjn.infd.edu.ar\/sitio\/wp-json\/wp\/v2\/pages\/1121"}],"collection":[{"href":"https:\/\/isef-sjn.infd.edu.ar\/sitio\/wp-json\/wp\/v2\/pages"}],"about":[{"href":"https:\/\/isef-sjn.infd.edu.ar\/sitio\/wp-json\/wp\/v2\/types\/page"}],"author":[{"embeddable":true,"href":"https:\/\/isef-sjn.infd.edu.ar\/sitio\/wp-json\/wp\/v2\/users\/14"}],"replies":[{"embeddable":true,"href":"https:\/\/isef-sjn.infd.edu.ar\/sitio\/wp-json\/wp\/v2\/comments?post=1121"}],"version-history":[{"count":8,"href":"https:\/\/isef-sjn.infd.edu.ar\/sitio\/wp-json\/wp\/v2\/pages\/1121\/revisions"}],"predecessor-version":[{"id":2185,"href":"https:\/\/isef-sjn.infd.edu.ar\/sitio\/wp-json\/wp\/v2\/pages\/1121\/revisions\/2185"}],"wp:attachment":[{"href":"https:\/\/isef-sjn.infd.edu.ar\/sitio\/wp-json\/wp\/v2\/media?parent=1121"}],"curies":[{"name":"wp","href":"https:\/\/api.w.org\/{rel}","templated":true}]}}