{"id":1079,"date":"2019-11-27T11:11:52","date_gmt":"2019-11-27T14:11:52","guid":{"rendered":"https:\/\/isef-sjn.infd.edu.ar\/sitio\/?page_id=1079"},"modified":"2020-03-23T09:14:35","modified_gmt":"2020-03-23T12:14:35","slug":"material-de-estudio","status":"publish","type":"page","link":"https:\/\/isef-sjn.infd.edu.ar\/sitio\/material-de-estudio\/","title":{"rendered":"Material de Estudio"},"content":{"rendered":"<p><a href=\"https:\/\/isef-sjn.infd.edu.ar\/sitio\/wp-content\/uploads\/2020\/03\/INGRESO-2020-PLAN-DE-ESTUDIOS-ISEF-Autoguardado.ppt\">Dise\u00f1o y PEI (desacargar PowerPoint)<\/a><\/p>\n<p><a href=\"https:\/\/isef-sjn.infd.edu.ar\/sitio\/wp-content\/uploads\/2019\/12\/Lengua.pdf\">Lengua PDF (descargar)<\/a><\/p>\n<p><a href=\"https:\/\/isef-sjn.infd.edu.ar\/sitio\/wp-content\/uploads\/2019\/10\/Lengua.pdf\">Lengua en Word (descargar)<\/a><\/p>\n<p><a href=\"https:\/\/isef-sjn.infd.edu.ar\/sitio\/wp-content\/uploads\/2019\/10\/Nociones-B\u00e1sicas-de-Psicolog\u00eda.docx\">Nociones B\u00e1sicas de Psicolog\u00eda (descargar)<\/a><\/p>\n<p><a href=\"https:\/\/isef-sjn.infd.edu.ar\/sitio\/wp-content\/uploads\/2019\/12\/Anatom\u00eda-del-movimiento.docx\">Anatom\u00eda del movimiento (descargar)<\/a><\/p>\n<p><a href=\"https:\/\/isef-sjn.infd.edu.ar\/sitio\/wp-content\/uploads\/2019\/11\/INTRODUCCI\u00d3N-A-LA-FISIOLOG\u00cdA.doc\">Introducci\u00f3n a la Fisiolog\u00eda (descargar)<\/a><\/p>\n<p><a href=\"https:\/\/isef-sjn.infd.edu.ar\/sitio\/wp-content\/uploads\/2020\/03\/Contenidos-de-nivelaci\u00f3n-Psicologia.pdf\">Contenidos de nivelaci\u00f3n Psicologia (descargar)<\/a><\/p>\n<p><a href=\"https:\/\/isef-sjn.infd.edu.ar\/sitio\/wp-content\/uploads\/2020\/03\/Simulacro-Examen-Lengua.docx\">Simulacro Examen Lengua(descargar y enviar por correo)<\/a><\/p>\n<p><a href=\"https:\/\/isef-sjn.infd.edu.ar\/sitio\/wp-content\/uploads\/2020\/03\/Material-de-lectura-de-Cultura-Gral..docx\">Material de lectura de Cultura Gral.(descargar)<\/a><\/p>\n","protected":false},"excerpt":{"rendered":"<p>Dise\u00f1o y PEI (desacargar PowerPoint) Lengua PDF (descargar) Lengua en Word (descargar) Nociones B\u00e1sicas de Psicolog\u00eda (descargar) Anatom\u00eda del movimiento (descargar) Introducci\u00f3n a la Fisiolog\u00eda (descargar) Contenidos de nivelaci\u00f3n Psicologia (descargar) Simulacro Examen Lengua(descargar y enviar por correo) Material de lectura de Cultura Gral.(descargar)<\/p>\n","protected":false},"author":14,"featured_media":0,"parent":0,"menu_order":0,"comment_status":"closed","ping_status":"closed","template":"","meta":[],"acf":[],"_links":{"self":[{"href":"https:\/\/isef-sjn.infd.edu.ar\/sitio\/wp-json\/wp\/v2\/pages\/1079"}],"collection":[{"href":"https:\/\/isef-sjn.infd.edu.ar\/sitio\/wp-json\/wp\/v2\/pages"}],"about":[{"href":"https:\/\/isef-sjn.infd.edu.ar\/sitio\/wp-json\/wp\/v2\/types\/page"}],"author":[{"embeddable":true,"href":"https:\/\/isef-sjn.infd.edu.ar\/sitio\/wp-json\/wp\/v2\/users\/14"}],"replies":[{"embeddable":true,"href":"https:\/\/isef-sjn.infd.edu.ar\/sitio\/wp-json\/wp\/v2\/comments?post=1079"}],"version-history":[{"count":9,"href":"https:\/\/isef-sjn.infd.edu.ar\/sitio\/wp-json\/wp\/v2\/pages\/1079\/revisions"}],"predecessor-version":[{"id":1350,"href":"https:\/\/isef-sjn.infd.edu.ar\/sitio\/wp-json\/wp\/v2\/pages\/1079\/revisions\/1350"}],"wp:attachment":[{"href":"https:\/\/isef-sjn.infd.edu.ar\/sitio\/wp-json\/wp\/v2\/media?parent=1079"}],"curies":[{"name":"wp","href":"https:\/\/api.w.org\/{rel}","templated":true}]}}