{"id":1076,"date":"2019-11-27T11:11:30","date_gmt":"2019-11-27T14:11:30","guid":{"rendered":"https:\/\/isef-sjn.infd.edu.ar\/sitio\/?page_id=1076"},"modified":"2021-11-05T10:30:22","modified_gmt":"2021-11-05T13:30:22","slug":"normativa","status":"publish","type":"page","link":"https:\/\/isef-sjn.infd.edu.ar\/sitio\/normativa\/","title":{"rendered":"Normativa y Requisitos"},"content":{"rendered":"\n<div class=\"wp-block-file\"><a href=\"https:\/\/isef-sjn.infd.edu.ar\/sitio\/wp-content\/uploads\/2021\/11\/crono1.jpg\">Cronograma de actividades de ingreso<\/a><a href=\"https:\/\/isef-sjn.infd.edu.ar\/sitio\/wp-content\/uploads\/2021\/11\/crono1.jpg\" class=\"wp-block-file__button\" download>Descarga<\/a><\/div>\n\n\n<p><a href=\"https:\/\/isef-sjn.infd.edu.ar\/sitio\/wp-content\/uploads\/2020\/12\/Consideraciones-generales-sobre-el-Nivel-Superior.doc\">Consideraciones generales sobre el Nivel Superior<\/a><\/p>\n<p><a href=\"https:\/\/isef-sjn.infd.edu.ar\/sitio\/wp-content\/uploads\/2020\/12\/\u00bfQui\u00e9nes-pueden-ingresar-a-la-docencia.docx\">\u00bfQui\u00e9nes pueden ingresar a la docencia<\/a><\/p>\n<p><a href=\"https:\/\/isef-sjn.infd.edu.ar\/sitio\/wp-content\/uploads\/2020\/12\/\u00bfC\u00f3mo-hago-efectiva-mi-inscripci\u00f3n.docx\">\u00bfC\u00f3mo hago efectiva mi inscripci\u00f3n<\/a><\/p>\n<p><a href=\"https:\/\/isef-sjn.infd.edu.ar\/sitio\/wp-content\/uploads\/2020\/12\/Pautas-que-rigen-para-el-desenvolvimiento-de-los-aspirantes.docx\">Pautas que rigen para el desenvolvimiento de los aspirantes<\/a><\/p>\n<p><a href=\"https:\/\/isef-sjn.infd.edu.ar\/sitio\/wp-content\/uploads\/2020\/12\/\u00bfC\u00f3mo-debo-asistir-a-las-actividades-de-ingreso.docx\">\u00bfC\u00f3mo debo asistir a las actividades de ingreso<\/a><\/p>\n<p><a href=\"https:\/\/isef-sjn.infd.edu.ar\/sitio\/wp-content\/uploads\/2020\/12\/Todo-sobre-el-cursillo-de-ingreso.docx\">Todo sobre Curso Introductorio (cursillo de ingreso)<\/a><\/p>\n<p><a href=\"https:\/\/isef-sjn.infd.edu.ar\/sitio\/wp-content\/uploads\/2020\/12\/\u00c1reas-que-integran-ingreso-y-orden-de-m\u00e9rito.docx\">\u00c1reas que integran ingreso y orden de m\u00e9rito<\/a><\/p>\n<p><a href=\"https:\/\/isef-sjn.infd.edu.ar\/sitio\/wp-content\/uploads\/2020\/12\/\u00c1rea-1-del-Examen-M\u00e9dico.docx\">\u00c1rea 1 del Examen M\u00e9dico<\/a><\/p>\n<p><a href=\"https:\/\/isef-sjn.infd.edu.ar\/sitio\/wp-content\/uploads\/2020\/12\/\u00c1rea-2-del-Examen-Intelectual.docx\">\u00c1rea 2 del Examen Intelectual<\/a><\/p>\n<p><a href=\"https:\/\/isef-sjn.infd.edu.ar\/sitio\/wp-content\/uploads\/2020\/12\/\u00c1rea-3-del-Examen-Psicomotriz.docx\">\u00c1rea 3 del Examen Psicomotriz<\/a><\/p>\n<p><a href=\"https:\/\/isef-sjn.infd.edu.ar\/sitio\/wp-content\/uploads\/2020\/12\/\u00c1rea-3-a-de-las-Capacidades-Coordinativas.docx\">\u00c1rea 3 a) de las Capacidades Coordinativas<\/a><\/p>\n<p><a href=\"https:\/\/isef-sjn.infd.edu.ar\/sitio\/wp-content\/uploads\/2020\/12\/\u00c1rea-3-b-de-las-Capacidades-Condicionales.docx\">\u00c1rea 3 b) de las Capacidades Condicionales<\/a><\/p>\n<p><a href=\"https:\/\/isef-sjn.infd.edu.ar\/sitio\/wp-content\/uploads\/2020\/12\/Vacentes-adjudicaci\u00f3n-turnos-horarios.docx\">Vacantes, adjudicaci\u00f3n, turnos, horarios<\/a><\/p>\n<p><a href=\"https:\/\/isef-sjn.infd.edu.ar\/sitio\/wp-content\/uploads\/2020\/12\/De-inter\u00e9s-para-aspirantes-de-sexo-femenino.docx\">De inter\u00e9s para aspirantes de sexo femenino<\/a><\/p>\n<p><a href=\"https:\/\/isef-sjn.infd.edu.ar\/sitio\/wp-content\/uploads\/2020\/12\/Normas-generales-para-alumnos-una-vez-ingresados-a-la-carrera.docx\">Normas generales para alumnos una vez ingresados a la carrera<\/a><\/p>\n<p>\u00a0<\/p>\n<p><a href=\"https:\/\/www.argentina.gob.ar\/tema\/estudiar\/guia-validez-titulos-estudios\">Gu\u00eda para validar t\u00edtulos y estudios realizados en el exterior<\/a><\/p>\n<p>\u00a0<\/p>\n\n\n<div class=\"wp-block-file\"><a href=\"https:\/\/isef-sjn.infd.edu.ar\/sitio\/wp-content\/uploads\/2021\/09\/Solicitudes-de-inscripcion.doc\">Solicitudes de inscripci\u00f3n (descargar e imprimir)<\/a><a href=\"https:\/\/isef-sjn.infd.edu.ar\/sitio\/wp-content\/uploads\/2021\/09\/Solicitudes-de-inscripcion.doc\" class=\"wp-block-file__button\" download>Descarga<\/a><\/div>\n\n\n\n<p><\/p>\n","protected":false},"excerpt":{"rendered":"<p>Consideraciones generales sobre el Nivel Superior \u00bfQui\u00e9nes pueden ingresar a la docencia \u00bfC\u00f3mo hago efectiva mi inscripci\u00f3n Pautas que rigen para el desenvolvimiento de los aspirantes \u00bfC\u00f3mo debo asistir a las actividades de ingreso Todo sobre Curso Introductorio (cursillo de ingreso) \u00c1reas que integran ingreso y orden de m\u00e9rito \u00c1rea 1 del Examen M\u00e9dico \u00c1rea &#8230; <a title=\"Normativa y Requisitos\" class=\"read-more\" href=\"https:\/\/isef-sjn.infd.edu.ar\/sitio\/normativa\/\" aria-label=\"More on Normativa y Requisitos\">[+]<\/a><\/p>\n","protected":false},"author":14,"featured_media":0,"parent":0,"menu_order":0,"comment_status":"closed","ping_status":"closed","template":"","meta":[],"acf":[],"_links":{"self":[{"href":"https:\/\/isef-sjn.infd.edu.ar\/sitio\/wp-json\/wp\/v2\/pages\/1076"}],"collection":[{"href":"https:\/\/isef-sjn.infd.edu.ar\/sitio\/wp-json\/wp\/v2\/pages"}],"about":[{"href":"https:\/\/isef-sjn.infd.edu.ar\/sitio\/wp-json\/wp\/v2\/types\/page"}],"author":[{"embeddable":true,"href":"https:\/\/isef-sjn.infd.edu.ar\/sitio\/wp-json\/wp\/v2\/users\/14"}],"replies":[{"embeddable":true,"href":"https:\/\/isef-sjn.infd.edu.ar\/sitio\/wp-json\/wp\/v2\/comments?post=1076"}],"version-history":[{"count":16,"href":"https:\/\/isef-sjn.infd.edu.ar\/sitio\/wp-json\/wp\/v2\/pages\/1076\/revisions"}],"predecessor-version":[{"id":2241,"href":"https:\/\/isef-sjn.infd.edu.ar\/sitio\/wp-json\/wp\/v2\/pages\/1076\/revisions\/2241"}],"wp:attachment":[{"href":"https:\/\/isef-sjn.infd.edu.ar\/sitio\/wp-json\/wp\/v2\/media?parent=1076"}],"curies":[{"name":"wp","href":"https:\/\/api.w.org\/{rel}","templated":true}]}}